{"id":802,"date":"2025-03-27T10:37:03","date_gmt":"2025-03-27T09:37:03","guid":{"rendered":"https:\/\/psicologiacorbacho.es\/?page_id=802"},"modified":"2025-03-27T10:56:18","modified_gmt":"2025-03-27T09:56:18","slug":"gracias","status":"publish","type":"page","link":"https:\/\/psicologiacorbacho.es\/en\/gracias\/","title":{"rendered":"Thank you"},"content":{"rendered":"<div data-elementor-type=\"wp-page\" data-elementor-id=\"802\" class=\"elementor elementor-802\" data-elementor-post-type=\"page\">\n\t\t\t\t\t\t<section data-particle_enable=\"false\" data-particle-mobile-disabled=\"false\" class=\"elementor-section elementor-top-section elementor-element elementor-element-ebfa388 elementor-section-boxed elementor-section-height-default elementor-section-height-default\" data-id=\"ebfa388\" data-element_type=\"section\" data-e-type=\"section\">\n\t\t\t\t\t\t<div class=\"elementor-container elementor-column-gap-default\">\n\t\t\t\t\t<div class=\"elementor-column elementor-col-100 elementor-top-column elementor-element elementor-element-4371372\" data-id=\"4371372\" data-element_type=\"column\" data-e-type=\"column\">\n\t\t\t<div class=\"elementor-widget-wrap elementor-element-populated\">\n\t\t\t\t\t\t<div class=\"elementor-element elementor-element-253ddd0 elementor-widget elementor-widget-heading\" data-id=\"253ddd0\" data-element_type=\"widget\" data-e-type=\"widget\" data-widget_type=\"heading.default\">\n\t\t\t\t<div class=\"elementor-widget-container\">\n\t\t\t\t\t<h1 class=\"elementor-heading-title elementor-size-default\">Gracias por ponerte en contacto conmigo.<\/h1>\t\t\t\t<\/div>\n\t\t\t\t<\/div>\n\t\t\t\t\t<\/div>\n\t\t<\/div>\n\t\t\t\t\t<\/div>\n\t\t<\/section>\n\t\t\t\t<section data-particle_enable=\"false\" data-particle-mobile-disabled=\"false\" class=\"elementor-section elementor-top-section elementor-element elementor-element-2b92633 elementor-section-boxed elementor-section-height-default elementor-section-height-default\" data-id=\"2b92633\" data-element_type=\"section\" data-e-type=\"section\">\n\t\t\t\t\t\t<div class=\"elementor-container elementor-column-gap-default\">\n\t\t\t\t\t<div class=\"elementor-column elementor-col-50 elementor-top-column elementor-element elementor-element-c94cce8\" data-id=\"c94cce8\" data-element_type=\"column\" data-e-type=\"column\">\n\t\t\t<div class=\"elementor-widget-wrap elementor-element-populated\">\n\t\t\t\t\t\t<div class=\"elementor-element elementor-element-392894e elementor-widget elementor-widget-image\" data-id=\"392894e\" data-element_type=\"widget\" data-e-type=\"widget\" data-widget_type=\"image.default\">\n\t\t\t\t<div class=\"elementor-widget-container\">\n\t\t\t\t\t\t\t\t\t\t\t\t\t\t\t<img fetchpriority=\"high\" decoding=\"async\" width=\"684\" height=\"1024\" src=\"https:\/\/psicologiacorbacho.es\/wp-content\/uploads\/2023\/03\/foto-color-684x1024.jpg\" class=\"attachment-large size-large wp-image-94\" alt=\"Fotograf\u00eda del psic\u00f3logo Jaime Corbacho Guerrero\" srcset=\"https:\/\/psicologiacorbacho.es\/wp-content\/uploads\/2023\/03\/foto-color-684x1024.jpg 684w, https:\/\/psicologiacorbacho.es\/wp-content\/uploads\/2023\/03\/foto-color-200x300.jpg 200w, https:\/\/psicologiacorbacho.es\/wp-content\/uploads\/2023\/03\/foto-color-768x1150.jpg 768w, https:\/\/psicologiacorbacho.es\/wp-content\/uploads\/2023\/03\/foto-color.jpg 824w\" sizes=\"(max-width: 684px) 100vw, 684px\" \/>\t\t\t\t\t\t\t\t\t\t\t\t\t\t\t<\/div>\n\t\t\t\t<\/div>\n\t\t\t\t\t<\/div>\n\t\t<\/div>\n\t\t\t\t<div class=\"elementor-column elementor-col-50 elementor-top-column elementor-element elementor-element-bebf438\" data-id=\"bebf438\" data-element_type=\"column\" data-e-type=\"column\">\n\t\t\t<div class=\"elementor-widget-wrap elementor-element-populated\">\n\t\t\t\t\t\t<div class=\"elementor-element elementor-element-fe702a8 elementor-widget elementor-widget-text-editor\" data-id=\"fe702a8\" data-element_type=\"widget\" data-e-type=\"widget\" data-widget_type=\"text-editor.default\">\n\t\t\t\t<div class=\"elementor-widget-container\">\n\t\t\t\t\t\t\t\t\t<p>Te Agradezco sinceramente que te hayas tomado el tiempo para ponerte en contacto conmigo.<\/p><p>He recibido tu mensaje y me pondr\u00e9 en contacto contigo lo antes posible.<\/p><p>Me comprometo a ofrecerte el apoyo y la orientaci\u00f3n que necesitas para mejorar tu bienestar emocional y mental. Valoro much\u00edsimo tu confianza y te ayudar\u00e9 en cada paso del camino.<\/p><p>Si tienes alguna pregunta adicional o necesitas asistencia inmediata, no dudes en llamarme al <strong>651 732 239<\/strong>.<\/p><p>Mientras tanto, te invito a explorar mi p\u00e1gina web para obtener m\u00e1s informaci\u00f3n sobre terapias.<\/p><p>Gracias nuevamente por tu mensaje. Espero poder ayudarte pronto.<\/p>\t\t\t\t\t\t\t\t<\/div>\n\t\t\t\t<\/div>\n\t\t\t\t<div class=\"elementor-element elementor-element-b50fc20 elementor-widget elementor-widget-image\" data-id=\"b50fc20\" data-element_type=\"widget\" data-e-type=\"widget\" data-widget_type=\"image.default\">\n\t\t\t\t<div class=\"elementor-widget-container\">\n\t\t\t\t\t\t\t\t\t\t\t\t\t\t\t<img decoding=\"async\" width=\"193\" height=\"55\" src=\"https:\/\/psicologiacorbacho.es\/wp-content\/uploads\/2023\/05\/logo-doctoralia.png\" class=\"attachment-large size-large wp-image-333\" alt=\"Imagen con el logotipo de Doctoralia\" \/>\t\t\t\t\t\t\t\t\t\t\t\t\t\t\t<\/div>\n\t\t\t\t<\/div>\n\t\t\t\t<div class=\"elementor-element elementor-element-9638c20 elementor-widget elementor-widget-image\" data-id=\"9638c20\" data-element_type=\"widget\" data-e-type=\"widget\" data-widget_type=\"image.default\">\n\t\t\t\t<div class=\"elementor-widget-container\">\n\t\t\t\t\t\t\t\t\t\t\t\t\t\t\t\t<a href=\"https:\/\/www.doctoralia.es\/jaime-corbacho-guerrero\/psicologo-psicologo-infantil\/san-martin-de-valdeiglesias\" target=\"_blank\" rel=\"noopener\" noreferrer=\"\">\n\t\t\t\t\t\t\t<img decoding=\"async\" width=\"505\" height=\"181\" src=\"https:\/\/psicologiacorbacho.es\/wp-content\/uploads\/2023\/05\/reserva-doctoralia-jaime-corbacho.jpg\" class=\"attachment-large size-large wp-image-331\" alt=\"Imagen de la ficha de Jaime Corbacho Guerrero en Doctoralia.\" srcset=\"https:\/\/psicologiacorbacho.es\/wp-content\/uploads\/2023\/05\/reserva-doctoralia-jaime-corbacho.jpg 505w, https:\/\/psicologiacorbacho.es\/wp-content\/uploads\/2023\/05\/reserva-doctoralia-jaime-corbacho-300x108.jpg 300w\" sizes=\"(max-width: 505px) 100vw, 505px\" \/>\t\t\t\t\t\t\t\t<\/a>\n\t\t\t\t\t\t\t\t\t\t\t\t\t\t\t<\/div>\n\t\t\t\t<\/div>\n\t\t\t\t<div class=\"elementor-element elementor-element-b43db9f elementor-align-center elementor-widget elementor-widget-button\" data-id=\"b43db9f\" data-element_type=\"widget\" data-e-type=\"widget\" data-widget_type=\"button.default\">\n\t\t\t\t<div class=\"elementor-widget-container\">\n\t\t\t\t\t\t\t\t\t<div class=\"elementor-button-wrapper\">\n\t\t\t\t\t<a class=\"elementor-button elementor-button-link elementor-size-sm\" href=\"https:\/\/psicologiacorbacho.es\/en\">\n\t\t\t\t\t\t<span class=\"elementor-button-content-wrapper\">\n\t\t\t\t\t\t<span class=\"elementor-button-icon\">\n\t\t\t\t<i aria-hidden=\"true\" class=\"fas fa-arrow-left\"><\/i>\t\t\t<\/span>\n\t\t\t\t\t\t\t\t\t<span class=\"elementor-button-text\">Regresar al inicio<\/span>\n\t\t\t\t\t<\/span>\n\t\t\t\t\t<\/a>\n\t\t\t\t<\/div>\n\t\t\t\t\t\t\t\t<\/div>\n\t\t\t\t<\/div>\n\t\t\t\t\t<\/div>\n\t\t<\/div>\n\t\t\t\t\t<\/div>\n\t\t<\/section>\n\t\t\t\t<\/div>","protected":false},"excerpt":{"rendered":"<p>Thank you for contacting me. I sincerely appreciate you taking the time to contact me. I have received your message and will get back to you as soon as possible. I am committed to offering you the support and guidance you need to improve your emotional and mental well-being. I value your trust very much [...]<\/p>","protected":false},"author":1,"featured_media":0,"parent":0,"menu_order":0,"comment_status":"closed","ping_status":"closed","template":"","meta":{"footnotes":""},"categories":[],"tags":[],"class_list":["post-802","page","type-page","status-publish","hentry"],"yoast_head":"<!-- This site is optimized with the Yoast SEO plugin v26.9 - https:\/\/yoast.com\/product\/yoast-seo-wordpress\/ -->\n<title>Gracias - Psicolog\u00eda Corbacho<\/title>\n<meta name=\"robots\" content=\"index, follow, max-snippet:-1, max-image-preview:large, max-video-preview:-1\" \/>\n<link rel=\"canonical\" href=\"https:\/\/psicologiacorbacho.es\/en\/gracias\/\" \/>\n<meta property=\"og:locale\" content=\"en_US\" \/>\n<meta property=\"og:type\" content=\"article\" \/>\n<meta property=\"og:title\" content=\"Gracias - Psicolog\u00eda Corbacho\" \/>\n<meta property=\"og:description\" content=\"Gracias por ponerte en contacto conmigo. Te Agradezco sinceramente que te hayas tomado el tiempo para ponerte en contacto conmigo. He recibido tu mensaje y me pondr\u00e9 en contacto contigo lo antes posible. Me comprometo a ofrecerte el apoyo y la orientaci\u00f3n que necesitas para mejorar tu bienestar emocional y mental. Valoro much\u00edsimo tu confianza [&hellip;]\" \/>\n<meta property=\"og:url\" content=\"https:\/\/psicologiacorbacho.es\/en\/gracias\/\" \/>\n<meta property=\"og:site_name\" content=\"Psicolog\u00eda Corbacho\" \/>\n<meta property=\"article:modified_time\" content=\"2025-03-27T09:56:18+00:00\" \/>\n<meta property=\"og:image\" content=\"https:\/\/psicologiacorbacho.es\/wp-content\/uploads\/2023\/03\/foto-color.jpg\" \/>\n\t<meta property=\"og:image:width\" content=\"824\" \/>\n\t<meta property=\"og:image:height\" content=\"1234\" \/>\n\t<meta property=\"og:image:type\" content=\"image\/jpeg\" \/>\n<meta name=\"twitter:card\" content=\"summary_large_image\" \/>\n<meta name=\"twitter:label1\" content=\"Est. reading time\" \/>\n\t<meta name=\"twitter:data1\" content=\"2 minutes\" \/>\n<script type=\"application\/ld+json\" class=\"yoast-schema-graph\">{\"@context\":\"https:\/\/schema.org\",\"@graph\":[{\"@type\":\"WebPage\",\"@id\":\"https:\/\/psicologiacorbacho.es\/gracias\/\",\"url\":\"https:\/\/psicologiacorbacho.es\/gracias\/\",\"name\":\"Gracias - Psicolog\u00eda Corbacho\",\"isPartOf\":{\"@id\":\"https:\/\/psicologiacorbacho.es\/#website\"},\"primaryImageOfPage\":{\"@id\":\"https:\/\/psicologiacorbacho.es\/gracias\/#primaryimage\"},\"image\":{\"@id\":\"https:\/\/psicologiacorbacho.es\/gracias\/#primaryimage\"},\"thumbnailUrl\":\"https:\/\/psicologiacorbacho.es\/wp-content\/uploads\/2023\/03\/foto-color-684x1024.jpg\",\"datePublished\":\"2025-03-27T09:37:03+00:00\",\"dateModified\":\"2025-03-27T09:56:18+00:00\",\"breadcrumb\":{\"@id\":\"https:\/\/psicologiacorbacho.es\/gracias\/#breadcrumb\"},\"inLanguage\":\"en-US\",\"potentialAction\":[{\"@type\":\"ReadAction\",\"target\":[\"https:\/\/psicologiacorbacho.es\/gracias\/\"]}]},{\"@type\":\"ImageObject\",\"inLanguage\":\"en-US\",\"@id\":\"https:\/\/psicologiacorbacho.es\/gracias\/#primaryimage\",\"url\":\"https:\/\/psicologiacorbacho.es\/wp-content\/uploads\/2023\/03\/foto-color-684x1024.jpg\",\"contentUrl\":\"https:\/\/psicologiacorbacho.es\/wp-content\/uploads\/2023\/03\/foto-color-684x1024.jpg\"},{\"@type\":\"BreadcrumbList\",\"@id\":\"https:\/\/psicologiacorbacho.es\/gracias\/#breadcrumb\",\"itemListElement\":[{\"@type\":\"ListItem\",\"position\":1,\"name\":\"Psicolog\u00eda Corbacho\",\"item\":\"https:\/\/psicologiacorbacho.es\/\"},{\"@type\":\"ListItem\",\"position\":2,\"name\":\"Gracias\"}]},{\"@type\":\"WebSite\",\"@id\":\"https:\/\/psicologiacorbacho.es\/#website\",\"url\":\"https:\/\/psicologiacorbacho.es\/\",\"name\":\"Psicolog\u00eda Corbacho\",\"description\":\"Centro Terap\u00e9utico\",\"publisher\":{\"@id\":\"https:\/\/psicologiacorbacho.es\/#organization\"},\"potentialAction\":[{\"@type\":\"SearchAction\",\"target\":{\"@type\":\"EntryPoint\",\"urlTemplate\":\"https:\/\/psicologiacorbacho.es\/?s={search_term_string}\"},\"query-input\":{\"@type\":\"PropertyValueSpecification\",\"valueRequired\":true,\"valueName\":\"search_term_string\"}}],\"inLanguage\":\"en-US\"},{\"@type\":\"Organization\",\"@id\":\"https:\/\/psicologiacorbacho.es\/#organization\",\"name\":\"Psicolog\u00eda Corbacho\",\"url\":\"https:\/\/psicologiacorbacho.es\/\",\"logo\":{\"@type\":\"ImageObject\",\"inLanguage\":\"en-US\",\"@id\":\"https:\/\/psicologiacorbacho.es\/#\/schema\/logo\/image\/\",\"url\":\"https:\/\/psicologiacorbacho.es\/wp-content\/uploads\/2023\/03\/logo-psicologia-corbacho.png\",\"contentUrl\":\"https:\/\/psicologiacorbacho.es\/wp-content\/uploads\/2023\/03\/logo-psicologia-corbacho.png\",\"width\":420,\"height\":160,\"caption\":\"Psicolog\u00eda Corbacho\"},\"image\":{\"@id\":\"https:\/\/psicologiacorbacho.es\/#\/schema\/logo\/image\/\"}}]}<\/script>\n<!-- \/ Yoast SEO plugin. -->","yoast_head_json":{"title":"Gracias - Psicolog\u00eda Corbacho","robots":{"index":"index","follow":"follow","max-snippet":"max-snippet:-1","max-image-preview":"max-image-preview:large","max-video-preview":"max-video-preview:-1"},"canonical":"https:\/\/psicologiacorbacho.es\/en\/gracias\/","og_locale":"en_US","og_type":"article","og_title":"Gracias - Psicolog\u00eda Corbacho","og_description":"Gracias por ponerte en contacto conmigo. Te Agradezco sinceramente que te hayas tomado el tiempo para ponerte en contacto conmigo. He recibido tu mensaje y me pondr\u00e9 en contacto contigo lo antes posible. Me comprometo a ofrecerte el apoyo y la orientaci\u00f3n que necesitas para mejorar tu bienestar emocional y mental. Valoro much\u00edsimo tu confianza [&hellip;]","og_url":"https:\/\/psicologiacorbacho.es\/en\/gracias\/","og_site_name":"Psicolog\u00eda Corbacho","article_modified_time":"2025-03-27T09:56:18+00:00","og_image":[{"width":824,"height":1234,"url":"https:\/\/psicologiacorbacho.es\/wp-content\/uploads\/2023\/03\/foto-color.jpg","type":"image\/jpeg"}],"twitter_card":"summary_large_image","twitter_misc":{"Est. reading time":"2 minutes"},"schema":{"@context":"https:\/\/schema.org","@graph":[{"@type":"WebPage","@id":"https:\/\/psicologiacorbacho.es\/gracias\/","url":"https:\/\/psicologiacorbacho.es\/gracias\/","name":"Gracias - Psicolog\u00eda Corbacho","isPartOf":{"@id":"https:\/\/psicologiacorbacho.es\/#website"},"primaryImageOfPage":{"@id":"https:\/\/psicologiacorbacho.es\/gracias\/#primaryimage"},"image":{"@id":"https:\/\/psicologiacorbacho.es\/gracias\/#primaryimage"},"thumbnailUrl":"https:\/\/psicologiacorbacho.es\/wp-content\/uploads\/2023\/03\/foto-color-684x1024.jpg","datePublished":"2025-03-27T09:37:03+00:00","dateModified":"2025-03-27T09:56:18+00:00","breadcrumb":{"@id":"https:\/\/psicologiacorbacho.es\/gracias\/#breadcrumb"},"inLanguage":"en-US","potentialAction":[{"@type":"ReadAction","target":["https:\/\/psicologiacorbacho.es\/gracias\/"]}]},{"@type":"ImageObject","inLanguage":"en-US","@id":"https:\/\/psicologiacorbacho.es\/gracias\/#primaryimage","url":"https:\/\/psicologiacorbacho.es\/wp-content\/uploads\/2023\/03\/foto-color-684x1024.jpg","contentUrl":"https:\/\/psicologiacorbacho.es\/wp-content\/uploads\/2023\/03\/foto-color-684x1024.jpg"},{"@type":"BreadcrumbList","@id":"https:\/\/psicologiacorbacho.es\/gracias\/#breadcrumb","itemListElement":[{"@type":"ListItem","position":1,"name":"Psicolog\u00eda Corbacho","item":"https:\/\/psicologiacorbacho.es\/"},{"@type":"ListItem","position":2,"name":"Gracias"}]},{"@type":"WebSite","@id":"https:\/\/psicologiacorbacho.es\/#website","url":"https:\/\/psicologiacorbacho.es\/","name":"Corbacho Psychology","description":"Therapeutic Center","publisher":{"@id":"https:\/\/psicologiacorbacho.es\/#organization"},"potentialAction":[{"@type":"SearchAction","target":{"@type":"EntryPoint","urlTemplate":"https:\/\/psicologiacorbacho.es\/?s={search_term_string}"},"query-input":{"@type":"PropertyValueSpecification","valueRequired":true,"valueName":"search_term_string"}}],"inLanguage":"en-US"},{"@type":"Organization","@id":"https:\/\/psicologiacorbacho.es\/#organization","name":"Corbacho Psychology","url":"https:\/\/psicologiacorbacho.es\/","logo":{"@type":"ImageObject","inLanguage":"en-US","@id":"https:\/\/psicologiacorbacho.es\/#\/schema\/logo\/image\/","url":"https:\/\/psicologiacorbacho.es\/wp-content\/uploads\/2023\/03\/logo-psicologia-corbacho.png","contentUrl":"https:\/\/psicologiacorbacho.es\/wp-content\/uploads\/2023\/03\/logo-psicologia-corbacho.png","width":420,"height":160,"caption":"Psicolog\u00eda Corbacho"},"image":{"@id":"https:\/\/psicologiacorbacho.es\/#\/schema\/logo\/image\/"}}]}},"_links":{"self":[{"href":"https:\/\/psicologiacorbacho.es\/en\/wp-json\/wp\/v2\/pages\/802","targetHints":{"allow":["GET"]}}],"collection":[{"href":"https:\/\/psicologiacorbacho.es\/en\/wp-json\/wp\/v2\/pages"}],"about":[{"href":"https:\/\/psicologiacorbacho.es\/en\/wp-json\/wp\/v2\/types\/page"}],"author":[{"embeddable":true,"href":"https:\/\/psicologiacorbacho.es\/en\/wp-json\/wp\/v2\/users\/1"}],"replies":[{"embeddable":true,"href":"https:\/\/psicologiacorbacho.es\/en\/wp-json\/wp\/v2\/comments?post=802"}],"version-history":[{"count":13,"href":"https:\/\/psicologiacorbacho.es\/en\/wp-json\/wp\/v2\/pages\/802\/revisions"}],"predecessor-version":[{"id":827,"href":"https:\/\/psicologiacorbacho.es\/en\/wp-json\/wp\/v2\/pages\/802\/revisions\/827"}],"wp:attachment":[{"href":"https:\/\/psicologiacorbacho.es\/en\/wp-json\/wp\/v2\/media?parent=802"}],"wp:term":[{"taxonomy":"category","embeddable":true,"href":"https:\/\/psicologiacorbacho.es\/en\/wp-json\/wp\/v2\/categories?post=802"},{"taxonomy":"post_tag","embeddable":true,"href":"https:\/\/psicologiacorbacho.es\/en\/wp-json\/wp\/v2\/tags?post=802"}],"curies":[{"name":"wp","href":"https:\/\/api.w.org\/{rel}","templated":true}]}}