{"id":605,"date":"2023-05-01T12:45:14","date_gmt":"2023-05-01T11:45:14","guid":{"rendered":"https:\/\/dev.psicologiacorbacho.es\/?page_id=605"},"modified":"2023-07-03T10:47:55","modified_gmt":"2023-07-03T09:47:55","slug":"politica-de-cookies","status":"publish","type":"page","link":"https:\/\/psicologiacorbacho.es\/en\/politica-de-cookies\/","title":{"rendered":"Cookie Policy"},"content":{"rendered":"<p><strong>Revised and updated text as of May 1, 2023<\/strong>.<\/p>\n\n\n\n<p>In compliance with the duty of information contained in paragraph 2 of Article 22 of Law 34\/2002, of July 11, Services Information Society and Electronic Commerce, this cookie policy aims to inform you clearly and accurately about the cookies used on the website of&nbsp;<strong>Corbacho Psychology <\/strong>owned by <strong>Jaime Corbacho Guerrero<\/strong>.<\/p>\n\n\n\n<h2 class=\"wp-block-heading\">What are cookies?<\/h2>\n\n\n\n<p>A cookie is a small file that websites send to your browser and download to your computer. Cookies allow the website to store and retrieve information about your visit, such as your preferred language and other options, in order to improve the services offered and contribute to a better browsing experience for the user.<\/p>\n\n\n\n<p>Most browsers accept cookies as standard and, independently of them, allow or prevent temporary or stored cookies in the security settings.<\/p>\n\n\n\n<p>Without your express consent -through the activation of cookies in your browser- psicologiacorbacho.es will not link in cookies the stored data with your personal data provided at the time of registration or purchase.<\/p>\n\n\n\n<h3 class=\"wp-block-heading\">Authorization for the use of cookies<\/h3>\n\n\n\n<p>In accordance with the cookie notice that appears on the website, the user accepts that, by browsing the website, he\/she expressly consents to the use of cookies as described below, without prejudice that the user can modify the configuration of his\/her browser to reject the use of cookies.<\/p>\n\n\n\n<h4 class=\"wp-block-heading\"><strong>Types of cookies<\/strong><\/h4>\n\n\n\n<p>Depending on who manages the domain from which the cookies are sent and the data is processed, a distinction will be made between first-party cookies and third-party cookies.<\/p>\n\n\n\n<p>Cookies can also be classified according to the length of time they remain stored in the user's browser, distinguishing between session cookies or persistent cookies.<\/p>\n\n\n\n<p>Finally, depending on the purpose for which the information collected is processed, cookies can be classified into the following categories:<\/p>\n\n\n\n<ul class=\"wp-block-list\">\n<li><strong>Technical cookies:<\/strong>&nbsp;allow the user to navigate through a website and use some of the services offered by it (such as, for example, those used to remember the items in a shopping cart).<\/li>\n\n\n\n<li><strong>Personalization cookies:<\/strong>&nbsp;allow the user to access the website with certain characteristics, such as language.<\/li>\n\n\n\n<li><strong>Security cookies:<\/strong>&nbsp;serve to prevent or hinder attacks against the website.<\/li>\n\n\n\n<li><strong>Add-on cookies to exchange social content:<\/strong>&nbsp;plug-ins, which allow content to be shared on social networks.<\/li>\n\n\n\n<li><strong>Analytics cookies:<\/strong>&nbsp;allow the manager to monitor the user's behavior.<\/li>\n\n\n\n<li><strong>Advertising Cookies:<\/strong>&nbsp;allow you to manage the advertising space on the website.<\/li>\n\n\n\n<li><strong>Behavioral advertising cookies:<\/strong>&nbsp;like the previous ones, are used to manage the advertising spaces of the website based on the information collected about the user's behavior and habits, adapting the advertising to the user's profile.<\/li>\n\n\n\n<li><strong>Geolocation cookies:<\/strong>&nbsp;used to find out the country where the user is located.<\/li>\n<\/ul>\n\n\n\n<p><\/p>\n\n\n\n<h4 class=\"wp-block-heading\"><strong>How to modify cookie settings<\/strong><\/h4>\n\n\n\n<p>You can restrict, block or delete cookies from Psicolog\u00eda Corbacho or any other website using your browser. In each browser the operation is different, you can find how to do it in the help menu of your browser where the procedure for removal is established. For more information you can visit the following links:<\/p>\n\n\n\n<p><strong>Google Chrome:<\/strong><\/p>\n\n\n\n<figure class=\"wp-block-embed\"><div class=\"wp-block-embed__wrapper\">\nhttps:\/\/support.google.com\/chrome\/answer\/95647?co=GENIE.Platform%3DDesktop&#038;hl=es\n<\/div><\/figure>\n\n\n\n<p><strong>Mozilla Firefox:<\/strong><\/p>\n\n\n\n<figure class=\"wp-block-embed\"><div class=\"wp-block-embed__wrapper\">\nhttps:\/\/support.mozilla.org\/es\/kb\/habilitar-y-deshabilitar-cookies-sitios-web-rastrear-preferencias\n<\/div><\/figure>\n\n\n\n<p><strong>Safari:<\/strong><\/p>\n\n\n\n<figure class=\"wp-block-embed\"><div class=\"wp-block-embed__wrapper\">\nhttps:\/\/support.apple.com\/es-es\/guide\/safari\/sfri11471\/mac\n<\/div><\/figure>\n\n\n\n<p><strong>Internet Explorer:<\/strong><\/p>\n\n\n\n<figure class=\"wp-block-embed\"><div class=\"wp-block-embed__wrapper\">\nhttps:\/\/support.microsoft.com\/es-es\/help\/278835\/how-to-delete-cookie-files-in-internet-explorer\n<\/div><\/figure>\n\n\n\n<p>It is possible that by disabling cookies, the website may not function properly or you may not be able to access certain features of the website.<\/p>\n\n\n\n<p>In addition, many browsers allow you to activate a private mode by which cookies are always deleted after your visit. Depending on each browser, this private mode may have different names, below you can find a list of the most common browsers and the different names of this \"private mode\":<\/p>\n\n\n\n<ul class=\"wp-block-list\">\n<li>Internet Explorer 8 and higher: InPrivate<\/li>\n\n\n\n<li>FireFox 3.5 and higher: Private Browsing<\/li>\n\n\n\n<li>Google Chrome 10 and higher: Incognito<\/li>\n\n\n\n<li>Safari 2 and above: Private Browsing<\/li>\n\n\n\n<li>Opera 10.5 and higher: Private Browsing<\/li>\n<\/ul>\n\n\n\n<p><\/p>\n\n\n\n<p>Please read carefully the help section of your browser to learn more about how to activate the \"private mode\". You will still be able to visit our website even if your browser is in \"private mode\", however, the user experience may not be optimal and some utilities may not work.<\/p>\n\n\n\n<h4 class=\"wp-block-heading\" id=\"Cookiebot\"><strong>Cookies used on this website<\/strong><\/h4>\n\n\n\n<script id=\"CookieDeclaration\" src=\"https:\/\/consent.cookiebot.com\/6cc1afe1-f095-4585-8a0c-e9a07932c279\/cd.js\" type=\"text\/javascript\" async><\/script>\n\n\n\n<h4 class=\"wp-block-heading\"><strong>Modification of conditions<\/strong><\/h4>\n\n\n\n<p>Desarrollo Tecnol\u00f3gico Rural expressly reserves the right to modify unilaterally, in whole or in part, without prior notice, this Cookies Policy. The user acknowledges and accepts that it is his responsibility to review this Cookies Policy.<\/p>\n\n\n\n<p>If you have any questions about this cookie policy, you can contact us at: <a href=\"mailto:contacto@psicologiacorbacho.es\" target=\"_blank\" rel=\"noreferrer noopener\">contacto@psicologiacorbacho.es<\/a><\/p>\n\n\n\n<p><strong>Revised and updated text as of May 1, 2023<\/strong>.<\/p>","protected":false},"excerpt":{"rendered":"<p>Text revised and updated on May 1, 2023. In compliance with the duty of information contained in paragraph 2 of Article 22 of Law 34\/2002, of July 11, Services of the Information Society and Electronic Commerce, this cookie policy is intended to inform you of [...]<\/p>","protected":false},"author":1,"featured_media":0,"parent":0,"menu_order":0,"comment_status":"closed","ping_status":"closed","template":"","meta":{"footnotes":""},"categories":[],"tags":[14,13],"class_list":["post-605","page","type-page","status-publish","hentry","tag-page-content","tag-page-title"],"yoast_head":"<!-- This site is optimized with the Yoast SEO plugin v26.9 - https:\/\/yoast.com\/product\/yoast-seo-wordpress\/ -->\n<title>Pol\u00edtica de cookies - Psicolog\u00eda Corbacho<\/title>\n<meta name=\"description\" content=\"En est\u00e1 p\u00e1gina se detalla la Pol\u00edtica de Cookie del sitio web de Psicolog\u00eda Corbacho. Es importante que la conozcas antes de navegar por nuestra web.\" \/>\n<meta name=\"robots\" content=\"index, follow, max-snippet:-1, max-image-preview:large, max-video-preview:-1\" \/>\n<link rel=\"canonical\" href=\"https:\/\/psicologiacorbacho.es\/en\/politica-de-cookies\/\" \/>\n<meta property=\"og:locale\" content=\"en_US\" \/>\n<meta property=\"og:type\" content=\"article\" \/>\n<meta property=\"og:title\" content=\"Pol\u00edtica de cookies - Psicolog\u00eda Corbacho\" \/>\n<meta property=\"og:description\" content=\"En est\u00e1 p\u00e1gina se detalla la Pol\u00edtica de Cookie del sitio web de Psicolog\u00eda Corbacho. Es importante que la conozcas antes de navegar por nuestra web.\" \/>\n<meta property=\"og:url\" content=\"https:\/\/psicologiacorbacho.es\/en\/politica-de-cookies\/\" \/>\n<meta property=\"og:site_name\" content=\"Psicolog\u00eda Corbacho\" \/>\n<meta property=\"article:modified_time\" content=\"2023-07-03T09:47:55+00:00\" \/>\n<meta name=\"twitter:card\" content=\"summary_large_image\" \/>\n<meta name=\"twitter:label1\" content=\"Est. reading time\" \/>\n\t<meta name=\"twitter:data1\" content=\"4 minutes\" \/>\n<script type=\"application\/ld+json\" class=\"yoast-schema-graph\">{\"@context\":\"https:\/\/schema.org\",\"@graph\":[{\"@type\":\"WebPage\",\"@id\":\"https:\/\/psicologiacorbacho.es\/politica-de-cookies\/\",\"url\":\"https:\/\/psicologiacorbacho.es\/politica-de-cookies\/\",\"name\":\"Pol\u00edtica de cookies - Psicolog\u00eda Corbacho\",\"isPartOf\":{\"@id\":\"https:\/\/psicologiacorbacho.es\/#website\"},\"datePublished\":\"2023-05-01T11:45:14+00:00\",\"dateModified\":\"2023-07-03T09:47:55+00:00\",\"description\":\"En est\u00e1 p\u00e1gina se detalla la Pol\u00edtica de Cookie del sitio web de Psicolog\u00eda Corbacho. Es importante que la conozcas antes de navegar por nuestra web.\",\"breadcrumb\":{\"@id\":\"https:\/\/psicologiacorbacho.es\/politica-de-cookies\/#breadcrumb\"},\"inLanguage\":\"en-US\",\"potentialAction\":[{\"@type\":\"ReadAction\",\"target\":[\"https:\/\/psicologiacorbacho.es\/politica-de-cookies\/\"]}]},{\"@type\":\"BreadcrumbList\",\"@id\":\"https:\/\/psicologiacorbacho.es\/politica-de-cookies\/#breadcrumb\",\"itemListElement\":[{\"@type\":\"ListItem\",\"position\":1,\"name\":\"Psicolog\u00eda Corbacho\",\"item\":\"https:\/\/psicologiacorbacho.es\/\"},{\"@type\":\"ListItem\",\"position\":2,\"name\":\"Pol\u00edtica de cookies\"}]},{\"@type\":\"WebSite\",\"@id\":\"https:\/\/psicologiacorbacho.es\/#website\",\"url\":\"https:\/\/psicologiacorbacho.es\/\",\"name\":\"Psicolog\u00eda Corbacho\",\"description\":\"Centro Terap\u00e9utico\",\"publisher\":{\"@id\":\"https:\/\/psicologiacorbacho.es\/#organization\"},\"potentialAction\":[{\"@type\":\"SearchAction\",\"target\":{\"@type\":\"EntryPoint\",\"urlTemplate\":\"https:\/\/psicologiacorbacho.es\/?s={search_term_string}\"},\"query-input\":{\"@type\":\"PropertyValueSpecification\",\"valueRequired\":true,\"valueName\":\"search_term_string\"}}],\"inLanguage\":\"en-US\"},{\"@type\":\"Organization\",\"@id\":\"https:\/\/psicologiacorbacho.es\/#organization\",\"name\":\"Psicolog\u00eda Corbacho\",\"url\":\"https:\/\/psicologiacorbacho.es\/\",\"logo\":{\"@type\":\"ImageObject\",\"inLanguage\":\"en-US\",\"@id\":\"https:\/\/psicologiacorbacho.es\/#\/schema\/logo\/image\/\",\"url\":\"https:\/\/psicologiacorbacho.es\/wp-content\/uploads\/2023\/03\/logo-psicologia-corbacho.png\",\"contentUrl\":\"https:\/\/psicologiacorbacho.es\/wp-content\/uploads\/2023\/03\/logo-psicologia-corbacho.png\",\"width\":420,\"height\":160,\"caption\":\"Psicolog\u00eda Corbacho\"},\"image\":{\"@id\":\"https:\/\/psicologiacorbacho.es\/#\/schema\/logo\/image\/\"}}]}<\/script>\n<!-- \/ Yoast SEO plugin. -->","yoast_head_json":{"title":"Pol\u00edtica de cookies - Psicolog\u00eda Corbacho","description":"En est\u00e1 p\u00e1gina se detalla la Pol\u00edtica de Cookie del sitio web de Psicolog\u00eda Corbacho. Es importante que la conozcas antes de navegar por nuestra web.","robots":{"index":"index","follow":"follow","max-snippet":"max-snippet:-1","max-image-preview":"max-image-preview:large","max-video-preview":"max-video-preview:-1"},"canonical":"https:\/\/psicologiacorbacho.es\/en\/politica-de-cookies\/","og_locale":"en_US","og_type":"article","og_title":"Pol\u00edtica de cookies - Psicolog\u00eda Corbacho","og_description":"En est\u00e1 p\u00e1gina se detalla la Pol\u00edtica de Cookie del sitio web de Psicolog\u00eda Corbacho. Es importante que la conozcas antes de navegar por nuestra web.","og_url":"https:\/\/psicologiacorbacho.es\/en\/politica-de-cookies\/","og_site_name":"Psicolog\u00eda Corbacho","article_modified_time":"2023-07-03T09:47:55+00:00","twitter_card":"summary_large_image","twitter_misc":{"Est. reading time":"4 minutes"},"schema":{"@context":"https:\/\/schema.org","@graph":[{"@type":"WebPage","@id":"https:\/\/psicologiacorbacho.es\/politica-de-cookies\/","url":"https:\/\/psicologiacorbacho.es\/politica-de-cookies\/","name":"Pol\u00edtica de cookies - Psicolog\u00eda Corbacho","isPartOf":{"@id":"https:\/\/psicologiacorbacho.es\/#website"},"datePublished":"2023-05-01T11:45:14+00:00","dateModified":"2023-07-03T09:47:55+00:00","description":"En est\u00e1 p\u00e1gina se detalla la Pol\u00edtica de Cookie del sitio web de Psicolog\u00eda Corbacho. Es importante que la conozcas antes de navegar por nuestra web.","breadcrumb":{"@id":"https:\/\/psicologiacorbacho.es\/politica-de-cookies\/#breadcrumb"},"inLanguage":"en-US","potentialAction":[{"@type":"ReadAction","target":["https:\/\/psicologiacorbacho.es\/politica-de-cookies\/"]}]},{"@type":"BreadcrumbList","@id":"https:\/\/psicologiacorbacho.es\/politica-de-cookies\/#breadcrumb","itemListElement":[{"@type":"ListItem","position":1,"name":"Psicolog\u00eda Corbacho","item":"https:\/\/psicologiacorbacho.es\/"},{"@type":"ListItem","position":2,"name":"Pol\u00edtica de cookies"}]},{"@type":"WebSite","@id":"https:\/\/psicologiacorbacho.es\/#website","url":"https:\/\/psicologiacorbacho.es\/","name":"Corbacho Psychology","description":"Therapeutic Center","publisher":{"@id":"https:\/\/psicologiacorbacho.es\/#organization"},"potentialAction":[{"@type":"SearchAction","target":{"@type":"EntryPoint","urlTemplate":"https:\/\/psicologiacorbacho.es\/?s={search_term_string}"},"query-input":{"@type":"PropertyValueSpecification","valueRequired":true,"valueName":"search_term_string"}}],"inLanguage":"en-US"},{"@type":"Organization","@id":"https:\/\/psicologiacorbacho.es\/#organization","name":"Corbacho Psychology","url":"https:\/\/psicologiacorbacho.es\/","logo":{"@type":"ImageObject","inLanguage":"en-US","@id":"https:\/\/psicologiacorbacho.es\/#\/schema\/logo\/image\/","url":"https:\/\/psicologiacorbacho.es\/wp-content\/uploads\/2023\/03\/logo-psicologia-corbacho.png","contentUrl":"https:\/\/psicologiacorbacho.es\/wp-content\/uploads\/2023\/03\/logo-psicologia-corbacho.png","width":420,"height":160,"caption":"Psicolog\u00eda Corbacho"},"image":{"@id":"https:\/\/psicologiacorbacho.es\/#\/schema\/logo\/image\/"}}]}},"_links":{"self":[{"href":"https:\/\/psicologiacorbacho.es\/en\/wp-json\/wp\/v2\/pages\/605","targetHints":{"allow":["GET"]}}],"collection":[{"href":"https:\/\/psicologiacorbacho.es\/en\/wp-json\/wp\/v2\/pages"}],"about":[{"href":"https:\/\/psicologiacorbacho.es\/en\/wp-json\/wp\/v2\/types\/page"}],"author":[{"embeddable":true,"href":"https:\/\/psicologiacorbacho.es\/en\/wp-json\/wp\/v2\/users\/1"}],"replies":[{"embeddable":true,"href":"https:\/\/psicologiacorbacho.es\/en\/wp-json\/wp\/v2\/comments?post=605"}],"version-history":[{"count":8,"href":"https:\/\/psicologiacorbacho.es\/en\/wp-json\/wp\/v2\/pages\/605\/revisions"}],"predecessor-version":[{"id":657,"href":"https:\/\/psicologiacorbacho.es\/en\/wp-json\/wp\/v2\/pages\/605\/revisions\/657"}],"wp:attachment":[{"href":"https:\/\/psicologiacorbacho.es\/en\/wp-json\/wp\/v2\/media?parent=605"}],"wp:term":[{"taxonomy":"category","embeddable":true,"href":"https:\/\/psicologiacorbacho.es\/en\/wp-json\/wp\/v2\/categories?post=605"},{"taxonomy":"post_tag","embeddable":true,"href":"https:\/\/psicologiacorbacho.es\/en\/wp-json\/wp\/v2\/tags?post=605"}],"curies":[{"name":"wp","href":"https:\/\/api.w.org\/{rel}","templated":true}]}}