{"id":482,"date":"2023-05-17T11:20:40","date_gmt":"2023-05-17T10:20:40","guid":{"rendered":"https:\/\/dev.psicologiacorbacho.es\/?page_id=482"},"modified":"2025-03-27T10:49:49","modified_gmt":"2025-03-27T09:49:49","slug":"contacto","status":"publish","type":"page","link":"https:\/\/psicologiacorbacho.es\/en\/contacto\/","title":{"rendered":"Contact"},"content":{"rendered":"\t\t<div data-elementor-type=\"wp-page\" data-elementor-id=\"482\" class=\"elementor elementor-482\" data-elementor-post-type=\"page\">\n\t\t\t\t\t\t<section data-particle_enable=\"false\" data-particle-mobile-disabled=\"false\" class=\"elementor-section elementor-top-section elementor-element elementor-element-5cb7e41 elementor-section-boxed elementor-section-height-default elementor-section-height-default\" data-id=\"5cb7e41\" data-element_type=\"section\" data-e-type=\"section\">\n\t\t\t\t\t\t<div class=\"elementor-container elementor-column-gap-default\">\n\t\t\t\t\t<div class=\"elementor-column elementor-col-33 elementor-top-column elementor-element elementor-element-7ccfb44\" data-id=\"7ccfb44\" data-element_type=\"column\" data-e-type=\"column\">\n\t\t\t<div class=\"elementor-widget-wrap elementor-element-populated\">\n\t\t\t\t\t\t<div class=\"elementor-element elementor-element-e5f9c48 elementor-widget elementor-widget-text-editor\" data-id=\"e5f9c48\" data-element_type=\"widget\" data-e-type=\"widget\" data-widget_type=\"text-editor.default\">\n\t\t\t\t<div class=\"elementor-widget-container\">\n\t\t\t\t\t\t\t\t\t<p>Utiliza el formulario y env\u00edanos un mensaje. Contactaremos contigo lo m\u00e1s r\u00e1pido posible en la direcci\u00f3n de correo electr\u00f3nico que nos facilites.<\/p>\t\t\t\t\t\t\t\t<\/div>\n\t\t\t\t<\/div>\n\t\t\t\t<div class=\"elementor-element elementor-element-deb3587 elementor-button-align-stretch elementor-widget elementor-widget-form\" data-id=\"deb3587\" data-element_type=\"widget\" data-e-type=\"widget\" data-settings=\"{&quot;step_next_label&quot;:&quot;Siguiente&quot;,&quot;step_previous_label&quot;:&quot;Anterior&quot;,&quot;button_width&quot;:&quot;100&quot;,&quot;step_type&quot;:&quot;number_text&quot;,&quot;step_icon_shape&quot;:&quot;circle&quot;}\" data-widget_type=\"form.default\">\n\t\t\t\t<div class=\"elementor-widget-container\">\n\t\t\t\t\t\t\t<form class=\"elementor-form\" method=\"post\" id=\"contacto\" name=\"Nuevo formulario\" aria-label=\"Nuevo formulario\">\n\t\t\t<input type=\"hidden\" name=\"post_id\" value=\"482\"\/>\n\t\t\t<input type=\"hidden\" name=\"form_id\" value=\"deb3587\"\/>\n\t\t\t<input type=\"hidden\" name=\"referer_title\" value=\"Psicolog\u00eda Corbacho\" \/>\n\n\t\t\t\n\t\t\t<div class=\"elementor-form-fields-wrapper elementor-labels-\">\n\t\t\t\t\t\t\t\t<div class=\"elementor-field-type-text elementor-field-group elementor-column elementor-field-group-name elementor-col-100 elementor-field-required\">\n\t\t\t\t\t\t\t\t\t\t\t\t<label for=\"form-field-name\" class=\"elementor-field-label elementor-screen-only\">\n\t\t\t\t\t\t\t\tNombre\t\t\t\t\t\t\t<\/label>\n\t\t\t\t\t\t\t\t\t\t\t\t\t\t<input size=\"1\" type=\"text\" name=\"form_fields[name]\" id=\"form-field-name\" class=\"elementor-field elementor-size-sm  elementor-field-textual\" placeholder=\"Nombre *\" required=\"required\">\n\t\t\t\t\t\t\t\t\t\t\t<\/div>\n\t\t\t\t\t\t\t\t<div class=\"elementor-field-type-email elementor-field-group elementor-column elementor-field-group-email elementor-col-100 elementor-field-required\">\n\t\t\t\t\t\t\t\t\t\t\t\t<label for=\"form-field-email\" class=\"elementor-field-label elementor-screen-only\">\n\t\t\t\t\t\t\t\tCorreo electr\u00f3nico\t\t\t\t\t\t\t<\/label>\n\t\t\t\t\t\t\t\t\t\t\t\t\t\t<input size=\"1\" type=\"email\" name=\"form_fields[email]\" id=\"form-field-email\" class=\"elementor-field elementor-size-sm  elementor-field-textual\" placeholder=\"Email *\" required=\"required\">\n\t\t\t\t\t\t\t\t\t\t\t<\/div>\n\t\t\t\t\t\t\t\t<div class=\"elementor-field-type-tel elementor-field-group elementor-column elementor-field-group-field_b9155bc elementor-col-100 elementor-field-required\">\n\t\t\t\t\t\t\t\t\t\t\t\t<label for=\"form-field-field_b9155bc\" class=\"elementor-field-label elementor-screen-only\">\n\t\t\t\t\t\t\t\tTel\u00e9fono\t\t\t\t\t\t\t<\/label>\n\t\t\t\t\t\t\t\t<input size=\"1\" type=\"tel\" name=\"form_fields[field_b9155bc]\" id=\"form-field-field_b9155bc\" class=\"elementor-field elementor-size-sm  elementor-field-textual\" placeholder=\"Tel\u00e9fono *\" required=\"required\" pattern=\"[0-9()#&amp;+*-=.]+\" title=\"Only numbers and phone characters (#, -, *, etc) are accepted.\">\n\n\t\t\t\t\t\t<\/div>\n\t\t\t\t\t\t\t\t<div class=\"elementor-field-type-textarea elementor-field-group elementor-column elementor-field-group-message elementor-col-100\">\n\t\t\t\t\t\t\t\t\t\t\t\t<label for=\"form-field-message\" class=\"elementor-field-label elementor-screen-only\">\n\t\t\t\t\t\t\t\tMensaje\t\t\t\t\t\t\t<\/label>\n\t\t\t\t\t\t<textarea class=\"elementor-field-textual elementor-field  elementor-size-sm\" name=\"form_fields[message]\" id=\"form-field-message\" rows=\"4\" placeholder=\"Mensaje\"><\/textarea>\t\t\t\t<\/div>\n\t\t\t\t\t\t\t\t<div class=\"elementor-field-type-acceptance elementor-field-group elementor-column elementor-field-group-field_f442f9a elementor-col-100\">\n\t\t\t\t\t\t\t\t\t\t\t\t<label for=\"form-field-field_f442f9a\" class=\"elementor-field-label elementor-screen-only\">\n\t\t\t\t\t\t\t\tPol\u00edticas\t\t\t\t\t\t\t<\/label>\n\t\t\t\t\t\t\t\t<div class=\"elementor-field-subgroup\">\n\t\t\t<span class=\"elementor-field-option\">\n\t\t\t\t<input type=\"checkbox\" name=\"form_fields[field_f442f9a]\" id=\"form-field-field_f442f9a\" class=\"elementor-field elementor-size-sm  elementor-acceptance-field\">\n\t\t\t\t<label for=\"form-field-field_f442f9a\">He le\u00eddo y acepto la <a heref=\"https:\/\/psicologiacorbacho.es\/politica-de-privacidad\/\" target=\"_blank\" rel=\"nofollow noopener noreferrer\" Title=\"Pol\u00edtica de Privacidad\" \/>Pol\u00edtica de Privacidad<\/a> de este sitio.<\/label>\t\t\t<\/span>\n\t\t<\/div>\n\t\t\t\t\t\t<\/div>\n\t\t\t\t\t\t\t\t<div class=\"elementor-field-type-recaptcha elementor-field-group elementor-column elementor-field-group-field_a9b50fe elementor-col-100\">\n\t\t\t\t\t<div class=\"elementor-field\" id=\"form-field-field_a9b50fe\"><div class=\"elementor-g-recaptcha\" data-sitekey=\"6Lek4AArAAAAADGr2kF24HzkkH5o4XYm9rCA-9-v\" data-type=\"v2_checkbox\" data-theme=\"light\" data-size=\"normal\"><\/div><\/div>\t\t\t\t<\/div>\n\t\t\t\t\t\t\t\t<div class=\"elementor-field-group elementor-column elementor-field-type-submit elementor-col-100 e-form__buttons\">\n\t\t\t\t\t<button class=\"elementor-button elementor-size-sm\" type=\"submit\">\n\t\t\t\t\t\t<span class=\"elementor-button-content-wrapper\">\n\t\t\t\t\t\t\t\t\t\t\t\t\t\t\t\t\t\t\t\t\t\t<span class=\"elementor-button-text\">Enviar<\/span>\n\t\t\t\t\t\t\t\t\t\t\t\t\t<\/span>\n\t\t\t\t\t<\/button>\n\t\t\t\t<\/div>\n\t\t\t<\/div>\n\t\t<\/form>\n\t\t\t\t\t\t<\/div>\n\t\t\t\t<\/div>\n\t\t\t\t\t<\/div>\n\t\t<\/div>\n\t\t\t\t<div class=\"elementor-column elementor-col-33 elementor-top-column elementor-element elementor-element-6dd3e2d\" data-id=\"6dd3e2d\" data-element_type=\"column\" data-e-type=\"column\">\n\t\t\t<div class=\"elementor-widget-wrap elementor-element-populated\">\n\t\t\t\t\t\t<div class=\"elementor-element elementor-element-23fa4a7 elementor-widget elementor-widget-heading\" data-id=\"23fa4a7\" data-element_type=\"widget\" data-e-type=\"widget\" data-widget_type=\"heading.default\">\n\t\t\t\t<div class=\"elementor-widget-container\">\n\t\t\t\t\t<h3 class=\"elementor-heading-title elementor-size-default\">Psicolog\u00eda Corbacho<\/h3>\t\t\t\t<\/div>\n\t\t\t\t<\/div>\n\t\t\t\t<div class=\"elementor-element elementor-element-13f4df3 elementor-icon-list--layout-traditional elementor-list-item-link-full_width elementor-widget elementor-widget-icon-list\" data-id=\"13f4df3\" data-element_type=\"widget\" data-e-type=\"widget\" data-widget_type=\"icon-list.default\">\n\t\t\t\t<div class=\"elementor-widget-container\">\n\t\t\t\t\t\t\t<ul class=\"elementor-icon-list-items\">\n\t\t\t\t\t\t\t<li class=\"elementor-icon-list-item\">\n\t\t\t\t\t\t\t\t\t\t\t<a href=\"https:\/\/g.page\/fisioterapiaconlaser?share\" target=\"_blank\">\n\n\t\t\t\t\t\t\t\t\t\t\t\t<span class=\"elementor-icon-list-icon\">\n\t\t\t\t\t\t\t<i aria-hidden=\"true\" class=\"fas fa-map-marker-alt\"><\/i>\t\t\t\t\t\t<\/span>\n\t\t\t\t\t\t\t\t\t\t<span class=\"elementor-icon-list-text\">Plaza de la Corredera, n\u00ba 1. 28680. San Mart\u00edn de Valdeiglesias (Madrid)<\/span>\n\t\t\t\t\t\t\t\t\t\t\t<\/a>\n\t\t\t\t\t\t\t\t\t<\/li>\n\t\t\t\t\t\t\t\t<li class=\"elementor-icon-list-item\">\n\t\t\t\t\t\t\t\t\t\t\t<a href=\"https:\/\/api.whatsapp.com\/send?phone=34651732239\" target=\"_blank\">\n\n\t\t\t\t\t\t\t\t\t\t\t\t<span class=\"elementor-icon-list-icon\">\n\t\t\t\t\t\t\t<i aria-hidden=\"true\" class=\"fab fa-whatsapp\"><\/i>\t\t\t\t\t\t<\/span>\n\t\t\t\t\t\t\t\t\t\t<span class=\"elementor-icon-list-text\">651 732 239<\/span>\n\t\t\t\t\t\t\t\t\t\t\t<\/a>\n\t\t\t\t\t\t\t\t\t<\/li>\n\t\t\t\t\t\t\t\t<li class=\"elementor-icon-list-item\">\n\t\t\t\t\t\t\t\t\t\t\t<a href=\"mailto:contacto@psicologiacorbacho.es\">\n\n\t\t\t\t\t\t\t\t\t\t\t\t<span class=\"elementor-icon-list-icon\">\n\t\t\t\t\t\t\t<i aria-hidden=\"true\" class=\"far fa-envelope\"><\/i>\t\t\t\t\t\t<\/span>\n\t\t\t\t\t\t\t\t\t\t<span class=\"elementor-icon-list-text\">contacto@psicologiacorbacho.es<\/span>\n\t\t\t\t\t\t\t\t\t\t\t<\/a>\n\t\t\t\t\t\t\t\t\t<\/li>\n\t\t\t\t\t\t\t\t<li class=\"elementor-icon-list-item\">\n\t\t\t\t\t\t\t\t\t\t\t<a href=\"https:\/\/psicologiacorbacho.es\">\n\n\t\t\t\t\t\t\t\t\t\t\t\t<span class=\"elementor-icon-list-icon\">\n\t\t\t\t\t\t\t<i aria-hidden=\"true\" class=\"fas fa-globe\"><\/i>\t\t\t\t\t\t<\/span>\n\t\t\t\t\t\t\t\t\t\t<span class=\"elementor-icon-list-text\">psicologiacorbacho.es<\/span>\n\t\t\t\t\t\t\t\t\t\t\t<\/a>\n\t\t\t\t\t\t\t\t\t<\/li>\n\t\t\t\t\t\t\t\t<li class=\"elementor-icon-list-item\">\n\t\t\t\t\t\t\t\t\t\t\t<span class=\"elementor-icon-list-icon\">\n\t\t\t\t\t\t\t<i aria-hidden=\"true\" class=\"far fa-calendar-check\"><\/i>\t\t\t\t\t\t<\/span>\n\t\t\t\t\t\t\t\t\t\t<span class=\"elementor-icon-list-text\">De lunes a  viernes de 16h a 21h <\/span>\n\t\t\t\t\t\t\t\t\t<\/li>\n\t\t\t\t\t\t<\/ul>\n\t\t\t\t\t\t<\/div>\n\t\t\t\t<\/div>\n\t\t\t\t\t<\/div>\n\t\t<\/div>\n\t\t\t\t<div class=\"elementor-column elementor-col-33 elementor-top-column elementor-element elementor-element-9d42ad9\" data-id=\"9d42ad9\" data-element_type=\"column\" data-e-type=\"column\">\n\t\t\t<div class=\"elementor-widget-wrap elementor-element-populated\">\n\t\t\t\t\t\t<div class=\"elementor-element elementor-element-a806dd0 elementor-widget elementor-widget-image\" data-id=\"a806dd0\" data-element_type=\"widget\" data-e-type=\"widget\" data-widget_type=\"image.default\">\n\t\t\t\t<div class=\"elementor-widget-container\">\n\t\t\t\t\t\t\t\t\t\t\t\t\t\t\t<img fetchpriority=\"high\" decoding=\"async\" width=\"360\" height=\"360\" src=\"https:\/\/psicologiacorbacho.es\/wp-content\/uploads\/2023\/05\/movil-contacto.png\" class=\"attachment-large size-large wp-image-540\" alt=\"Imagen de un smartphone con la p\u00e1gina de contacto de psicologiacorbacho.es\" srcset=\"https:\/\/psicologiacorbacho.es\/wp-content\/uploads\/2023\/05\/movil-contacto.png 360w, https:\/\/psicologiacorbacho.es\/wp-content\/uploads\/2023\/05\/movil-contacto-300x300.png 300w, https:\/\/psicologiacorbacho.es\/wp-content\/uploads\/2023\/05\/movil-contacto-150x150.png 150w\" sizes=\"(max-width: 360px) 100vw, 360px\" \/>\t\t\t\t\t\t\t\t\t\t\t\t\t\t\t<\/div>\n\t\t\t\t<\/div>\n\t\t\t\t\t<\/div>\n\t\t<\/div>\n\t\t\t\t\t<\/div>\n\t\t<\/section>\n\t\t\t\t<section data-particle_enable=\"false\" data-particle-mobile-disabled=\"false\" class=\"elementor-section elementor-top-section elementor-element elementor-element-fdff510 elementor-section-boxed elementor-section-height-default elementor-section-height-default\" data-id=\"fdff510\" data-element_type=\"section\" data-e-type=\"section\">\n\t\t\t\t\t\t<div class=\"elementor-container elementor-column-gap-default\">\n\t\t\t\t\t<div class=\"elementor-column elementor-col-100 elementor-top-column elementor-element elementor-element-e61554a\" data-id=\"e61554a\" data-element_type=\"column\" data-e-type=\"column\">\n\t\t\t<div class=\"elementor-widget-wrap elementor-element-populated\">\n\t\t\t\t\t\t<div class=\"elementor-element elementor-element-5c1ec72 elementor-widget elementor-widget-spacer\" data-id=\"5c1ec72\" data-element_type=\"widget\" data-e-type=\"widget\" data-widget_type=\"spacer.default\">\n\t\t\t\t<div class=\"elementor-widget-container\">\n\t\t\t\t\t\t\t<div class=\"elementor-spacer\">\n\t\t\t<div class=\"elementor-spacer-inner\"><\/div>\n\t\t<\/div>\n\t\t\t\t\t\t<\/div>\n\t\t\t\t<\/div>\n\t\t\t\t\t<\/div>\n\t\t<\/div>\n\t\t\t\t\t<\/div>\n\t\t<\/section>\n\t\t\t\t<section data-particle_enable=\"false\" data-particle-mobile-disabled=\"false\" class=\"elementor-section elementor-top-section elementor-element elementor-element-780d41e elementor-section-boxed elementor-section-height-default elementor-section-height-default\" data-id=\"780d41e\" data-element_type=\"section\" data-e-type=\"section\">\n\t\t\t\t\t\t<div class=\"elementor-container elementor-column-gap-default\">\n\t\t\t\t\t<div class=\"elementor-column elementor-col-100 elementor-top-column elementor-element elementor-element-4616d130\" data-id=\"4616d130\" data-element_type=\"column\" data-e-type=\"column\">\n\t\t\t<div class=\"elementor-widget-wrap elementor-element-populated\">\n\t\t\t\t\t\t<div class=\"elementor-element elementor-element-3ee76160 elementor-widget elementor-widget-heading\" data-id=\"3ee76160\" data-element_type=\"widget\" data-e-type=\"widget\" data-widget_type=\"heading.default\">\n\t\t\t\t<div class=\"elementor-widget-container\">\n\t\t\t\t\t<h2 class=\"elementor-heading-title elementor-size-default\">Estamos a tu servicio en San Mart\u00edn de Valdeiglesias.<\/h2>\t\t\t\t<\/div>\n\t\t\t\t<\/div>\n\t\t\t\t<div class=\"elementor-element elementor-element-1401da0f elementor-widget elementor-widget-text-editor\" data-id=\"1401da0f\" data-element_type=\"widget\" data-e-type=\"widget\" data-widget_type=\"text-editor.default\">\n\t\t\t\t<div class=\"elementor-widget-container\">\n\t\t\t\t\t\t\t\t\t<p>Encu\u00e9ntranos f\u00e1cil y r\u00e1pidamente en el mapa:<\/p>\t\t\t\t\t\t\t\t<\/div>\n\t\t\t\t<\/div>\n\t\t\t\t<div class=\"elementor-element elementor-element-5a9c3594 elementor-view-default elementor-widget elementor-widget-icon\" data-id=\"5a9c3594\" data-element_type=\"widget\" data-e-type=\"widget\" data-widget_type=\"icon.default\">\n\t\t\t\t<div class=\"elementor-widget-container\">\n\t\t\t\t\t\t\t<div class=\"elementor-icon-wrapper\">\n\t\t\t<div class=\"elementor-icon\">\n\t\t\t<i aria-hidden=\"true\" class=\"fas fa-chevron-down\"><\/i>\t\t\t<\/div>\n\t\t<\/div>\n\t\t\t\t\t\t<\/div>\n\t\t\t\t<\/div>\n\t\t\t\t\t<\/div>\n\t\t<\/div>\n\t\t\t\t\t<\/div>\n\t\t<\/section>\n\t\t\t\t<section data-particle_enable=\"false\" data-particle-mobile-disabled=\"false\" class=\"elementor-section elementor-top-section elementor-element elementor-element-75449c9 elementor-section-full_width elementor-section-height-min-height elementor-section-stretched elementor-section-height-default elementor-section-items-middle\" data-id=\"75449c9\" data-element_type=\"section\" data-e-type=\"section\" data-settings=\"{&quot;stretch_section&quot;:&quot;section-stretched&quot;}\">\n\t\t\t\t\t\t<div class=\"elementor-container elementor-column-gap-no\">\n\t\t\t\t\t<div class=\"elementor-column elementor-col-100 elementor-top-column elementor-element elementor-element-243acfd9\" data-id=\"243acfd9\" data-element_type=\"column\" data-e-type=\"column\">\n\t\t\t<div class=\"elementor-widget-wrap elementor-element-populated\">\n\t\t\t\t\t\t<div class=\"elementor-element elementor-element-6dfd8bab elementor-widget elementor-widget-google_maps\" data-id=\"6dfd8bab\" data-element_type=\"widget\" data-e-type=\"widget\" data-widget_type=\"google_maps.default\">\n\t\t\t\t<div class=\"elementor-widget-container\">\n\t\t\t\t\t\t\t<div class=\"elementor-custom-embed\">\n\t\t\t<iframe loading=\"lazy\"\n\t\t\t\t\tsrc=\"https:\/\/maps.google.com\/maps?q=Psicolog%C3%ADa%20Corbacho&#038;t=m&#038;z=10&#038;output=embed&#038;iwloc=near\"\n\t\t\t\t\ttitle=\"Psicolog\u00eda Corbacho\"\n\t\t\t\t\taria-label=\"Psicolog\u00eda Corbacho\"\n\t\t\t><\/iframe>\n\t\t<\/div>\n\t\t\t\t\t\t<\/div>\n\t\t\t\t<\/div>\n\t\t\t\t\t<\/div>\n\t\t<\/div>\n\t\t\t\t\t<\/div>\n\t\t<\/section>\n\t\t\t\t<\/div>\n\t\t","protected":false},"excerpt":{"rendered":"<p>Get to know the contact information of the clinic of Psicolog\u00eda Corbacho in San Mart\u00edn de Valdeiglesias (Madrid).<\/p>","protected":false},"author":1,"featured_media":0,"parent":0,"menu_order":0,"comment_status":"closed","ping_status":"closed","template":"","meta":{"footnotes":""},"categories":[],"tags":[13],"class_list":["post-482","page","type-page","status-publish","hentry","tag-page-title"],"yoast_head":"<!-- This site is optimized with the Yoast SEO plugin v27.4 - https:\/\/yoast.com\/product\/yoast-seo-wordpress\/ -->\n<title>Contacto - Psicolog\u00eda Corbacho<\/title>\n<meta name=\"description\" content=\"Datos de contacto de nuestro centro terap\u00e9utico en San Mart\u00edn de Valdeiglesias. Como llegar a la cl\u00ednica de Psicolog\u00eda Corbacho.\" \/>\n<meta name=\"robots\" content=\"index, follow, max-snippet:-1, max-image-preview:large, max-video-preview:-1\" \/>\n<link rel=\"canonical\" href=\"https:\/\/psicologiacorbacho.es\/en\/contacto\/\" \/>\n<meta property=\"og:locale\" content=\"en_US\" \/>\n<meta property=\"og:type\" content=\"article\" \/>\n<meta property=\"og:title\" content=\"Contacto - Psicolog\u00eda Corbacho\" \/>\n<meta property=\"og:description\" content=\"Datos de contacto de nuestro centro terap\u00e9utico en San Mart\u00edn de Valdeiglesias. Como llegar a la cl\u00ednica de Psicolog\u00eda Corbacho.\" \/>\n<meta property=\"og:url\" content=\"https:\/\/psicologiacorbacho.es\/en\/contacto\/\" \/>\n<meta property=\"og:site_name\" content=\"Psicolog\u00eda Corbacho\" \/>\n<meta property=\"article:modified_time\" content=\"2025-03-27T09:49:49+00:00\" \/>\n<meta property=\"og:image\" content=\"https:\/\/psicologiacorbacho.es\/wp-content\/uploads\/2023\/05\/movil-contacto.png\" \/>\n\t<meta property=\"og:image:width\" content=\"360\" \/>\n\t<meta property=\"og:image:height\" content=\"360\" \/>\n\t<meta property=\"og:image:type\" content=\"image\/png\" \/>\n<meta name=\"twitter:card\" content=\"summary_large_image\" \/>\n<meta name=\"twitter:label1\" content=\"Est. reading time\" \/>\n\t<meta name=\"twitter:data1\" content=\"1 minute\" \/>\n<script type=\"application\/ld+json\" class=\"yoast-schema-graph\">{\"@context\":\"https:\\\/\\\/schema.org\",\"@graph\":[{\"@type\":\"WebPage\",\"@id\":\"https:\\\/\\\/psicologiacorbacho.es\\\/contacto\\\/\",\"url\":\"https:\\\/\\\/psicologiacorbacho.es\\\/contacto\\\/\",\"name\":\"Contacto - Psicolog\u00eda Corbacho\",\"isPartOf\":{\"@id\":\"https:\\\/\\\/psicologiacorbacho.es\\\/#website\"},\"primaryImageOfPage\":{\"@id\":\"https:\\\/\\\/psicologiacorbacho.es\\\/contacto\\\/#primaryimage\"},\"image\":{\"@id\":\"https:\\\/\\\/psicologiacorbacho.es\\\/contacto\\\/#primaryimage\"},\"thumbnailUrl\":\"https:\\\/\\\/psicologiacorbacho.es\\\/wp-content\\\/uploads\\\/2023\\\/05\\\/movil-contacto.png\",\"datePublished\":\"2023-05-17T10:20:40+00:00\",\"dateModified\":\"2025-03-27T09:49:49+00:00\",\"description\":\"Datos de contacto de nuestro centro terap\u00e9utico en San Mart\u00edn de Valdeiglesias. Como llegar a la cl\u00ednica de Psicolog\u00eda Corbacho.\",\"breadcrumb\":{\"@id\":\"https:\\\/\\\/psicologiacorbacho.es\\\/contacto\\\/#breadcrumb\"},\"inLanguage\":\"en-US\",\"potentialAction\":[{\"@type\":\"ReadAction\",\"target\":[\"https:\\\/\\\/psicologiacorbacho.es\\\/contacto\\\/\"]}]},{\"@type\":\"ImageObject\",\"inLanguage\":\"en-US\",\"@id\":\"https:\\\/\\\/psicologiacorbacho.es\\\/contacto\\\/#primaryimage\",\"url\":\"https:\\\/\\\/psicologiacorbacho.es\\\/wp-content\\\/uploads\\\/2023\\\/05\\\/movil-contacto.png\",\"contentUrl\":\"https:\\\/\\\/psicologiacorbacho.es\\\/wp-content\\\/uploads\\\/2023\\\/05\\\/movil-contacto.png\"},{\"@type\":\"BreadcrumbList\",\"@id\":\"https:\\\/\\\/psicologiacorbacho.es\\\/contacto\\\/#breadcrumb\",\"itemListElement\":[{\"@type\":\"ListItem\",\"position\":1,\"name\":\"Psicolog\u00eda Corbacho\",\"item\":\"https:\\\/\\\/psicologiacorbacho.es\\\/\"},{\"@type\":\"ListItem\",\"position\":2,\"name\":\"Contacto\"}]},{\"@type\":\"WebSite\",\"@id\":\"https:\\\/\\\/psicologiacorbacho.es\\\/#website\",\"url\":\"https:\\\/\\\/psicologiacorbacho.es\\\/\",\"name\":\"Psicolog\u00eda Corbacho\",\"description\":\"Centro Terap\u00e9utico\",\"publisher\":{\"@id\":\"https:\\\/\\\/psicologiacorbacho.es\\\/#organization\"},\"potentialAction\":[{\"@type\":\"SearchAction\",\"target\":{\"@type\":\"EntryPoint\",\"urlTemplate\":\"https:\\\/\\\/psicologiacorbacho.es\\\/?s={search_term_string}\"},\"query-input\":{\"@type\":\"PropertyValueSpecification\",\"valueRequired\":true,\"valueName\":\"search_term_string\"}}],\"inLanguage\":\"en-US\"},{\"@type\":\"Organization\",\"@id\":\"https:\\\/\\\/psicologiacorbacho.es\\\/#organization\",\"name\":\"Psicolog\u00eda Corbacho\",\"url\":\"https:\\\/\\\/psicologiacorbacho.es\\\/\",\"logo\":{\"@type\":\"ImageObject\",\"inLanguage\":\"en-US\",\"@id\":\"https:\\\/\\\/psicologiacorbacho.es\\\/#\\\/schema\\\/logo\\\/image\\\/\",\"url\":\"https:\\\/\\\/psicologiacorbacho.es\\\/wp-content\\\/uploads\\\/2023\\\/03\\\/logo-psicologia-corbacho.png\",\"contentUrl\":\"https:\\\/\\\/psicologiacorbacho.es\\\/wp-content\\\/uploads\\\/2023\\\/03\\\/logo-psicologia-corbacho.png\",\"width\":420,\"height\":160,\"caption\":\"Psicolog\u00eda Corbacho\"},\"image\":{\"@id\":\"https:\\\/\\\/psicologiacorbacho.es\\\/#\\\/schema\\\/logo\\\/image\\\/\"}}]}<\/script>\n<!-- \/ Yoast SEO plugin. -->","yoast_head_json":{"title":"Contacto - Psicolog\u00eda Corbacho","description":"Datos de contacto de nuestro centro terap\u00e9utico en San Mart\u00edn de Valdeiglesias. Como llegar a la cl\u00ednica de Psicolog\u00eda Corbacho.","robots":{"index":"index","follow":"follow","max-snippet":"max-snippet:-1","max-image-preview":"max-image-preview:large","max-video-preview":"max-video-preview:-1"},"canonical":"https:\/\/psicologiacorbacho.es\/en\/contacto\/","og_locale":"en_US","og_type":"article","og_title":"Contacto - Psicolog\u00eda Corbacho","og_description":"Datos de contacto de nuestro centro terap\u00e9utico en San Mart\u00edn de Valdeiglesias. Como llegar a la cl\u00ednica de Psicolog\u00eda Corbacho.","og_url":"https:\/\/psicologiacorbacho.es\/en\/contacto\/","og_site_name":"Psicolog\u00eda Corbacho","article_modified_time":"2025-03-27T09:49:49+00:00","og_image":[{"width":360,"height":360,"url":"https:\/\/psicologiacorbacho.es\/wp-content\/uploads\/2023\/05\/movil-contacto.png","type":"image\/png"}],"twitter_card":"summary_large_image","twitter_misc":{"Est. reading time":"1 minute"},"schema":{"@context":"https:\/\/schema.org","@graph":[{"@type":"WebPage","@id":"https:\/\/psicologiacorbacho.es\/contacto\/","url":"https:\/\/psicologiacorbacho.es\/contacto\/","name":"Contacto - Psicolog\u00eda Corbacho","isPartOf":{"@id":"https:\/\/psicologiacorbacho.es\/#website"},"primaryImageOfPage":{"@id":"https:\/\/psicologiacorbacho.es\/contacto\/#primaryimage"},"image":{"@id":"https:\/\/psicologiacorbacho.es\/contacto\/#primaryimage"},"thumbnailUrl":"https:\/\/psicologiacorbacho.es\/wp-content\/uploads\/2023\/05\/movil-contacto.png","datePublished":"2023-05-17T10:20:40+00:00","dateModified":"2025-03-27T09:49:49+00:00","description":"Datos de contacto de nuestro centro terap\u00e9utico en San Mart\u00edn de Valdeiglesias. Como llegar a la cl\u00ednica de Psicolog\u00eda Corbacho.","breadcrumb":{"@id":"https:\/\/psicologiacorbacho.es\/contacto\/#breadcrumb"},"inLanguage":"en-US","potentialAction":[{"@type":"ReadAction","target":["https:\/\/psicologiacorbacho.es\/contacto\/"]}]},{"@type":"ImageObject","inLanguage":"en-US","@id":"https:\/\/psicologiacorbacho.es\/contacto\/#primaryimage","url":"https:\/\/psicologiacorbacho.es\/wp-content\/uploads\/2023\/05\/movil-contacto.png","contentUrl":"https:\/\/psicologiacorbacho.es\/wp-content\/uploads\/2023\/05\/movil-contacto.png"},{"@type":"BreadcrumbList","@id":"https:\/\/psicologiacorbacho.es\/contacto\/#breadcrumb","itemListElement":[{"@type":"ListItem","position":1,"name":"Psicolog\u00eda Corbacho","item":"https:\/\/psicologiacorbacho.es\/"},{"@type":"ListItem","position":2,"name":"Contacto"}]},{"@type":"WebSite","@id":"https:\/\/psicologiacorbacho.es\/#website","url":"https:\/\/psicologiacorbacho.es\/","name":"Corbacho Psychology","description":"Therapeutic Center","publisher":{"@id":"https:\/\/psicologiacorbacho.es\/#organization"},"potentialAction":[{"@type":"SearchAction","target":{"@type":"EntryPoint","urlTemplate":"https:\/\/psicologiacorbacho.es\/?s={search_term_string}"},"query-input":{"@type":"PropertyValueSpecification","valueRequired":true,"valueName":"search_term_string"}}],"inLanguage":"en-US"},{"@type":"Organization","@id":"https:\/\/psicologiacorbacho.es\/#organization","name":"Corbacho Psychology","url":"https:\/\/psicologiacorbacho.es\/","logo":{"@type":"ImageObject","inLanguage":"en-US","@id":"https:\/\/psicologiacorbacho.es\/#\/schema\/logo\/image\/","url":"https:\/\/psicologiacorbacho.es\/wp-content\/uploads\/2023\/03\/logo-psicologia-corbacho.png","contentUrl":"https:\/\/psicologiacorbacho.es\/wp-content\/uploads\/2023\/03\/logo-psicologia-corbacho.png","width":420,"height":160,"caption":"Psicolog\u00eda Corbacho"},"image":{"@id":"https:\/\/psicologiacorbacho.es\/#\/schema\/logo\/image\/"}}]}},"_links":{"self":[{"href":"https:\/\/psicologiacorbacho.es\/en\/wp-json\/wp\/v2\/pages\/482","targetHints":{"allow":["GET"]}}],"collection":[{"href":"https:\/\/psicologiacorbacho.es\/en\/wp-json\/wp\/v2\/pages"}],"about":[{"href":"https:\/\/psicologiacorbacho.es\/en\/wp-json\/wp\/v2\/types\/page"}],"author":[{"embeddable":true,"href":"https:\/\/psicologiacorbacho.es\/en\/wp-json\/wp\/v2\/users\/1"}],"replies":[{"embeddable":true,"href":"https:\/\/psicologiacorbacho.es\/en\/wp-json\/wp\/v2\/comments?post=482"}],"version-history":[{"count":62,"href":"https:\/\/psicologiacorbacho.es\/en\/wp-json\/wp\/v2\/pages\/482\/revisions"}],"predecessor-version":[{"id":815,"href":"https:\/\/psicologiacorbacho.es\/en\/wp-json\/wp\/v2\/pages\/482\/revisions\/815"}],"wp:attachment":[{"href":"https:\/\/psicologiacorbacho.es\/en\/wp-json\/wp\/v2\/media?parent=482"}],"wp:term":[{"taxonomy":"category","embeddable":true,"href":"https:\/\/psicologiacorbacho.es\/en\/wp-json\/wp\/v2\/categories?post=482"},{"taxonomy":"post_tag","embeddable":true,"href":"https:\/\/psicologiacorbacho.es\/en\/wp-json\/wp\/v2\/tags?post=482"}],"curies":[{"name":"wp","href":"https:\/\/api.w.org\/{rel}","templated":true}]}}