{"id":470,"date":"2023-05-09T19:16:54","date_gmt":"2023-05-09T18:16:54","guid":{"rendered":"https:\/\/dev.psicologiacorbacho.es\/?page_id=470"},"modified":"2023-05-09T19:23:50","modified_gmt":"2023-05-09T18:23:50","slug":"sobre-mi","status":"publish","type":"page","link":"https:\/\/psicologiacorbacho.es\/en\/sobre-mi\/","title":{"rendered":"About me"},"content":{"rendered":"<p>Hello, my name is Jaime and I am a clinical psychologist, specialized in child and adolescent psychology. I would like to share with you my story and my passion for psychology and for helping others to overcome their fears and phobias, overcome difficulties and face the problems that all of us face every day.<\/p>\n\n\n\n<p>From an early age I was interested in human behavior and understanding how emotions, thoughts and relationships work. I always enjoyed listening to people, offering them support and advice, and seeing how they could improve their well-being and quality of life.<\/p>\n\n\n\n<p>When I finished high school, I had no doubt that I wanted to study psychology. I was passionate about the idea of being able to help children and young people who needed it, who were going through difficult situations or who had a psychological disorder or problem.<\/p>\n\n\n\n<p>During my career I learned a lot about the different areas of psychology, but <strong>I was especially attracted to clinical psychology and cognitive-behavioral therapy.<\/strong>. I found it a very effective and practical way to intervene with patients, teaching them strategies and tools to change their negative thoughts and behaviors, and to enhance their personal strengths and resources.<\/p>\n\n\n\n<p>After graduating, I decided to specialize in <strong>child and adolescent clinical psychology<\/strong>I found it to be a very important and rewarding field. Children and young people are the future of our society, and I believe they deserve all our attention and care. Besides, I love working with them, because they are very sincere, curious and fun.<\/p>\n\n\n\n<p>I am a member of the <strong><a href=\"https:\/\/www.copmadrid.org\/web\/ciudadania\/detalle-profesional\/M-23045\/JAIME-CORBACHO-GUERRERO\" target=\"_blank\" rel=\"noreferrer noopener\">Official College of Psychology of Madrid<\/a><\/strong> with <strong>membership number M-23045<\/strong> and accreditation in <strong>Educational Psychology<\/strong> (National).<\/p>\n\n\n\n<p><strong>For more than 15 years I have been working as a clinical psychologist in my own practice.<\/strong>where I help children and youngsters with different problems or difficulties: anxiety, depression, low self-esteem, stress, bullying, phobias, eating disorders, etc. My goal is to help them overcome their fears and phobias, to face their problems with confidence and optimism, and to develop their personal and social potential.<\/p>\n\n\n\n<p>I am very proud of my profession and my work. Every day is a challenge and an opportunity to learn something new. I love to see how my patients progress and improve their situation. I am thrilled to hear their testimonials and their thanks. And it fills me with satisfaction to know that I am contributing to making the world a better place.<\/p>\n\n\n\n<p><strong>Psychology is my passion and my vocation.<\/strong>. I can't imagine doing anything else. I hope to be able to continue practicing this wonderful profession for many years to come, and to continue helping as many people as I can.<\/p>\n\n\n\n<p><\/p>\n\n\n\n<p><\/p>","protected":false},"excerpt":{"rendered":"<p>\"Life is an adventure to be lived with passion and curiosity. Don't let yourself be carried away by fear or routine. Always look for new challenges and learning. And if you need help, count on me. I'm your psychologist and I'm here to listen and support you.\"<\/p>","protected":false},"author":1,"featured_media":94,"parent":0,"menu_order":0,"comment_status":"closed","ping_status":"closed","template":"","meta":{"footnotes":""},"categories":[],"tags":[23],"class_list":["post-470","page","type-page","status-publish","has-post-thumbnail","hentry","tag-page-about"],"yoast_head":"<!-- This site is optimized with the Yoast SEO plugin v26.9 - https:\/\/yoast.com\/product\/yoast-seo-wordpress\/ -->\n<title>Sobre mi - Psicolog\u00eda Corbacho<\/title>\n<meta name=\"description\" content=\"La psicolog\u00eda es mi vocaci\u00f3n. No me imagino haciendo otra cosa. Espero ejercer esta profesi\u00f3n muchos a\u00f1os, ayudando a tantas personas como pueda.\" \/>\n<meta name=\"robots\" content=\"index, follow, max-snippet:-1, max-image-preview:large, max-video-preview:-1\" \/>\n<link rel=\"canonical\" href=\"https:\/\/psicologiacorbacho.es\/en\/sobre-mi\/\" \/>\n<meta property=\"og:locale\" content=\"en_US\" \/>\n<meta property=\"og:type\" content=\"article\" \/>\n<meta property=\"og:title\" content=\"Sobre mi - Psicolog\u00eda Corbacho\" \/>\n<meta property=\"og:description\" content=\"La psicolog\u00eda es mi vocaci\u00f3n. No me imagino haciendo otra cosa. Espero ejercer esta profesi\u00f3n muchos a\u00f1os, ayudando a tantas personas como pueda.\" \/>\n<meta property=\"og:url\" content=\"https:\/\/psicologiacorbacho.es\/en\/sobre-mi\/\" \/>\n<meta property=\"og:site_name\" content=\"Psicolog\u00eda Corbacho\" \/>\n<meta property=\"article:modified_time\" content=\"2023-05-09T18:23:50+00:00\" \/>\n<meta property=\"og:image\" content=\"https:\/\/psicologiacorbacho.es\/wp-content\/uploads\/2023\/03\/foto-color.jpg\" \/>\n\t<meta property=\"og:image:width\" content=\"824\" \/>\n\t<meta property=\"og:image:height\" content=\"1234\" \/>\n\t<meta property=\"og:image:type\" content=\"image\/jpeg\" \/>\n<meta name=\"twitter:card\" content=\"summary_large_image\" \/>\n<meta name=\"twitter:label1\" content=\"Est. reading time\" \/>\n\t<meta name=\"twitter:data1\" content=\"2 minutes\" \/>\n<script type=\"application\/ld+json\" class=\"yoast-schema-graph\">{\"@context\":\"https:\/\/schema.org\",\"@graph\":[{\"@type\":\"WebPage\",\"@id\":\"https:\/\/psicologiacorbacho.es\/sobre-mi\/\",\"url\":\"https:\/\/psicologiacorbacho.es\/sobre-mi\/\",\"name\":\"Sobre mi - Psicolog\u00eda Corbacho\",\"isPartOf\":{\"@id\":\"https:\/\/psicologiacorbacho.es\/#website\"},\"primaryImageOfPage\":{\"@id\":\"https:\/\/psicologiacorbacho.es\/sobre-mi\/#primaryimage\"},\"image\":{\"@id\":\"https:\/\/psicologiacorbacho.es\/sobre-mi\/#primaryimage\"},\"thumbnailUrl\":\"https:\/\/psicologiacorbacho.es\/wp-content\/uploads\/2023\/03\/foto-color.jpg\",\"datePublished\":\"2023-05-09T18:16:54+00:00\",\"dateModified\":\"2023-05-09T18:23:50+00:00\",\"description\":\"La psicolog\u00eda es mi vocaci\u00f3n. No me imagino haciendo otra cosa. Espero ejercer esta profesi\u00f3n muchos a\u00f1os, ayudando a tantas personas como pueda.\",\"breadcrumb\":{\"@id\":\"https:\/\/psicologiacorbacho.es\/sobre-mi\/#breadcrumb\"},\"inLanguage\":\"en-US\",\"potentialAction\":[{\"@type\":\"ReadAction\",\"target\":[\"https:\/\/psicologiacorbacho.es\/sobre-mi\/\"]}]},{\"@type\":\"ImageObject\",\"inLanguage\":\"en-US\",\"@id\":\"https:\/\/psicologiacorbacho.es\/sobre-mi\/#primaryimage\",\"url\":\"https:\/\/psicologiacorbacho.es\/wp-content\/uploads\/2023\/03\/foto-color.jpg\",\"contentUrl\":\"https:\/\/psicologiacorbacho.es\/wp-content\/uploads\/2023\/03\/foto-color.jpg\",\"width\":824,\"height\":1234,\"caption\":\"Fotograf\u00eda del psic\u00f3logo Jaime Corbacho Guerrero\"},{\"@type\":\"BreadcrumbList\",\"@id\":\"https:\/\/psicologiacorbacho.es\/sobre-mi\/#breadcrumb\",\"itemListElement\":[{\"@type\":\"ListItem\",\"position\":1,\"name\":\"Psicolog\u00eda Corbacho\",\"item\":\"https:\/\/psicologiacorbacho.es\/\"},{\"@type\":\"ListItem\",\"position\":2,\"name\":\"Sobre mi\"}]},{\"@type\":\"WebSite\",\"@id\":\"https:\/\/psicologiacorbacho.es\/#website\",\"url\":\"https:\/\/psicologiacorbacho.es\/\",\"name\":\"Psicolog\u00eda Corbacho\",\"description\":\"Centro Terap\u00e9utico\",\"publisher\":{\"@id\":\"https:\/\/psicologiacorbacho.es\/#organization\"},\"potentialAction\":[{\"@type\":\"SearchAction\",\"target\":{\"@type\":\"EntryPoint\",\"urlTemplate\":\"https:\/\/psicologiacorbacho.es\/?s={search_term_string}\"},\"query-input\":{\"@type\":\"PropertyValueSpecification\",\"valueRequired\":true,\"valueName\":\"search_term_string\"}}],\"inLanguage\":\"en-US\"},{\"@type\":\"Organization\",\"@id\":\"https:\/\/psicologiacorbacho.es\/#organization\",\"name\":\"Psicolog\u00eda Corbacho\",\"url\":\"https:\/\/psicologiacorbacho.es\/\",\"logo\":{\"@type\":\"ImageObject\",\"inLanguage\":\"en-US\",\"@id\":\"https:\/\/psicologiacorbacho.es\/#\/schema\/logo\/image\/\",\"url\":\"https:\/\/psicologiacorbacho.es\/wp-content\/uploads\/2023\/03\/logo-psicologia-corbacho.png\",\"contentUrl\":\"https:\/\/psicologiacorbacho.es\/wp-content\/uploads\/2023\/03\/logo-psicologia-corbacho.png\",\"width\":420,\"height\":160,\"caption\":\"Psicolog\u00eda Corbacho\"},\"image\":{\"@id\":\"https:\/\/psicologiacorbacho.es\/#\/schema\/logo\/image\/\"}}]}<\/script>\n<!-- \/ Yoast SEO plugin. -->","yoast_head_json":{"title":"Sobre mi - Psicolog\u00eda Corbacho","description":"La psicolog\u00eda es mi vocaci\u00f3n. No me imagino haciendo otra cosa. Espero ejercer esta profesi\u00f3n muchos a\u00f1os, ayudando a tantas personas como pueda.","robots":{"index":"index","follow":"follow","max-snippet":"max-snippet:-1","max-image-preview":"max-image-preview:large","max-video-preview":"max-video-preview:-1"},"canonical":"https:\/\/psicologiacorbacho.es\/en\/sobre-mi\/","og_locale":"en_US","og_type":"article","og_title":"Sobre mi - Psicolog\u00eda Corbacho","og_description":"La psicolog\u00eda es mi vocaci\u00f3n. No me imagino haciendo otra cosa. Espero ejercer esta profesi\u00f3n muchos a\u00f1os, ayudando a tantas personas como pueda.","og_url":"https:\/\/psicologiacorbacho.es\/en\/sobre-mi\/","og_site_name":"Psicolog\u00eda Corbacho","article_modified_time":"2023-05-09T18:23:50+00:00","og_image":[{"width":824,"height":1234,"url":"https:\/\/psicologiacorbacho.es\/wp-content\/uploads\/2023\/03\/foto-color.jpg","type":"image\/jpeg"}],"twitter_card":"summary_large_image","twitter_misc":{"Est. reading time":"2 minutes"},"schema":{"@context":"https:\/\/schema.org","@graph":[{"@type":"WebPage","@id":"https:\/\/psicologiacorbacho.es\/sobre-mi\/","url":"https:\/\/psicologiacorbacho.es\/sobre-mi\/","name":"Sobre mi - Psicolog\u00eda Corbacho","isPartOf":{"@id":"https:\/\/psicologiacorbacho.es\/#website"},"primaryImageOfPage":{"@id":"https:\/\/psicologiacorbacho.es\/sobre-mi\/#primaryimage"},"image":{"@id":"https:\/\/psicologiacorbacho.es\/sobre-mi\/#primaryimage"},"thumbnailUrl":"https:\/\/psicologiacorbacho.es\/wp-content\/uploads\/2023\/03\/foto-color.jpg","datePublished":"2023-05-09T18:16:54+00:00","dateModified":"2023-05-09T18:23:50+00:00","description":"La psicolog\u00eda es mi vocaci\u00f3n. No me imagino haciendo otra cosa. Espero ejercer esta profesi\u00f3n muchos a\u00f1os, ayudando a tantas personas como pueda.","breadcrumb":{"@id":"https:\/\/psicologiacorbacho.es\/sobre-mi\/#breadcrumb"},"inLanguage":"en-US","potentialAction":[{"@type":"ReadAction","target":["https:\/\/psicologiacorbacho.es\/sobre-mi\/"]}]},{"@type":"ImageObject","inLanguage":"en-US","@id":"https:\/\/psicologiacorbacho.es\/sobre-mi\/#primaryimage","url":"https:\/\/psicologiacorbacho.es\/wp-content\/uploads\/2023\/03\/foto-color.jpg","contentUrl":"https:\/\/psicologiacorbacho.es\/wp-content\/uploads\/2023\/03\/foto-color.jpg","width":824,"height":1234,"caption":"Fotograf\u00eda del psic\u00f3logo Jaime Corbacho Guerrero"},{"@type":"BreadcrumbList","@id":"https:\/\/psicologiacorbacho.es\/sobre-mi\/#breadcrumb","itemListElement":[{"@type":"ListItem","position":1,"name":"Psicolog\u00eda Corbacho","item":"https:\/\/psicologiacorbacho.es\/"},{"@type":"ListItem","position":2,"name":"Sobre mi"}]},{"@type":"WebSite","@id":"https:\/\/psicologiacorbacho.es\/#website","url":"https:\/\/psicologiacorbacho.es\/","name":"Corbacho Psychology","description":"Therapeutic Center","publisher":{"@id":"https:\/\/psicologiacorbacho.es\/#organization"},"potentialAction":[{"@type":"SearchAction","target":{"@type":"EntryPoint","urlTemplate":"https:\/\/psicologiacorbacho.es\/?s={search_term_string}"},"query-input":{"@type":"PropertyValueSpecification","valueRequired":true,"valueName":"search_term_string"}}],"inLanguage":"en-US"},{"@type":"Organization","@id":"https:\/\/psicologiacorbacho.es\/#organization","name":"Corbacho Psychology","url":"https:\/\/psicologiacorbacho.es\/","logo":{"@type":"ImageObject","inLanguage":"en-US","@id":"https:\/\/psicologiacorbacho.es\/#\/schema\/logo\/image\/","url":"https:\/\/psicologiacorbacho.es\/wp-content\/uploads\/2023\/03\/logo-psicologia-corbacho.png","contentUrl":"https:\/\/psicologiacorbacho.es\/wp-content\/uploads\/2023\/03\/logo-psicologia-corbacho.png","width":420,"height":160,"caption":"Psicolog\u00eda Corbacho"},"image":{"@id":"https:\/\/psicologiacorbacho.es\/#\/schema\/logo\/image\/"}}]}},"_links":{"self":[{"href":"https:\/\/psicologiacorbacho.es\/en\/wp-json\/wp\/v2\/pages\/470","targetHints":{"allow":["GET"]}}],"collection":[{"href":"https:\/\/psicologiacorbacho.es\/en\/wp-json\/wp\/v2\/pages"}],"about":[{"href":"https:\/\/psicologiacorbacho.es\/en\/wp-json\/wp\/v2\/types\/page"}],"author":[{"embeddable":true,"href":"https:\/\/psicologiacorbacho.es\/en\/wp-json\/wp\/v2\/users\/1"}],"replies":[{"embeddable":true,"href":"https:\/\/psicologiacorbacho.es\/en\/wp-json\/wp\/v2\/comments?post=470"}],"version-history":[{"count":2,"href":"https:\/\/psicologiacorbacho.es\/en\/wp-json\/wp\/v2\/pages\/470\/revisions"}],"predecessor-version":[{"id":473,"href":"https:\/\/psicologiacorbacho.es\/en\/wp-json\/wp\/v2\/pages\/470\/revisions\/473"}],"wp:featuredmedia":[{"embeddable":true,"href":"https:\/\/psicologiacorbacho.es\/en\/wp-json\/wp\/v2\/media\/94"}],"wp:attachment":[{"href":"https:\/\/psicologiacorbacho.es\/en\/wp-json\/wp\/v2\/media?parent=470"}],"wp:term":[{"taxonomy":"category","embeddable":true,"href":"https:\/\/psicologiacorbacho.es\/en\/wp-json\/wp\/v2\/categories?post=470"},{"taxonomy":"post_tag","embeddable":true,"href":"https:\/\/psicologiacorbacho.es\/en\/wp-json\/wp\/v2\/tags?post=470"}],"curies":[{"name":"wp","href":"https:\/\/api.w.org\/{rel}","templated":true}]}}